{"id":8265,"date":"2023-07-07T16:30:51","date_gmt":"2023-07-07T16:30:51","guid":{"rendered":"https:\/\/swisseducationacademy.com\/news\/"},"modified":"2026-03-04T19:02:18","modified_gmt":"2026-03-04T19:02:18","slug":"news","status":"publish","type":"page","link":"https:\/\/swisseducationacademy.com\/fr\/news\/","title":{"rendered":"News"},"content":{"rendered":"<p><div class=\"fusion-fullwidth fullwidth-box fusion-builder-row-1 fusion-flex-container has-pattern-background has-mask-background fusion-parallax-none nonhundred-percent-fullwidth non-hundred-percent-height-scrolling lazyload\" style=\"--awb-border-sizes-top:16px;--awb-border-sizes-bottom:16px;--awb-border-sizes-left:16px;--awb-border-sizes-right:16px;--awb-border-color:#ffffff;--awb-border-radius-top-left:25px;--awb-border-radius-top-right:25px;--awb-border-radius-bottom-right:25px;--awb-border-radius-bottom-left:25px;--awb-overflow:hidden;--awb-padding-top:120px;--awb-padding-bottom:200px;--awb-padding-top-small:50px;--awb-padding-bottom-small:50px;--awb-margin-top:0px;--awb-margin-bottom:0px;--awb-margin-top-small:0px;--awb-min-height:calc(80vh - 130px);--awb-min-height-small:calc(80vh - 130px);--awb-background-image:linear-gradient(180deg, rgba(0,0,0,0.3) 0%,rgba(0,0,0,0.1) 100%);;--awb-background-image-small:linear-gradient(180deg, rgba(0,0,0,0.3) 0%,rgba(0,0,0,0.1) 100%);;--awb-background-size:cover;--awb-flex-wrap:wrap;\" data-bg=\"https:\/\/swisseducationacademy.com\/wp-content\/uploads\/2024\/10\/SEA-news.jpg\" data-fusion-responsive-bg=\"1\" data-bg-small=\"https:\/\/swisseducationacademy.com\/wp-content\/uploads\/2024\/10\/SEA-news.jpg\" data-bg-gradient=\"linear-gradient(180deg, rgba(0,0,0,0.3) 0%,rgba(0,0,0,0.1) 100%)\" ><div class=\"fusion-builder-row fusion-row fusion-flex-align-items-flex-start fusion-flex-align-content-center fusion-flex-justify-content-center fusion-flex-content-wrap\" style=\"max-width:1248px;margin-left: calc(-4% \/ 2 );margin-right: calc(-4% \/ 2 );\"><div class=\"fusion-layout-column fusion_builder_column fusion-builder-column-0 fusion_builder_column_1_1 1_1 fusion-flex-column\" style=\"--awb-padding-top-small:0px;--awb-bg-size:cover;--awb-width-large:100%;--awb-margin-top-large:0px;--awb-spacing-right-large:1.92%;--awb-margin-bottom-large:0px;--awb-spacing-left-large:1.92%;--awb-width-medium:100%;--awb-order-medium:0;--awb-spacing-right-medium:1.92%;--awb-spacing-left-medium:1.92%;--awb-width-small:100%;--awb-order-small:0;--awb-spacing-right-small:1.92%;--awb-spacing-left-small:1.92%;\"><div class=\"fusion-column-wrapper fusion-column-has-shadow fusion-flex-justify-content-center fusion-content-layout-row\"><div class=\"fusion-title title fusion-title-1 fusion-sep-none fusion-title-center fusion-title-text fusion-title-size-one\" style=\"--awb-text-color:var(--awb-color1);--awb-margin-bottom:0px;\"><h1 class=\"fusion-title-heading title-heading-center fusion-responsive-typography-calculated\" style=\"margin:0;text-transform:capitalize;--fontSize:64;line-height:1.16;\">News<\/h1><\/div><\/div><\/div><\/div><\/div><div class=\"fusion-fullwidth fullwidth-box fusion-builder-row-2 fusion-flex-container has-pattern-background has-mask-background nonhundred-percent-fullwidth non-hundred-percent-height-scrolling\" style=\"--awb-border-radius-top-left:0px;--awb-border-radius-top-right:0px;--awb-border-radius-bottom-right:0px;--awb-border-radius-bottom-left:0px;--awb-padding-top:125px;--awb-padding-bottom:125px;--awb-flex-wrap:wrap;\" ><div class=\"fusion-builder-row fusion-row fusion-flex-align-items-flex-start fusion-flex-content-wrap\" style=\"max-width:1248px;margin-left: calc(-4% \/ 2 );margin-right: calc(-4% \/ 2 );\"><div class=\"fusion-layout-column fusion_builder_column fusion-builder-column-1 fusion_builder_column_1_1 1_1 fusion-flex-column\" style=\"--awb-bg-size:cover;--awb-width-large:100%;--awb-margin-top-large:0px;--awb-spacing-right-large:1.92%;--awb-margin-bottom-large:0px;--awb-spacing-left-large:1.92%;--awb-width-medium:100%;--awb-order-medium:0;--awb-spacing-right-medium:1.92%;--awb-spacing-left-medium:1.92%;--awb-width-small:100%;--awb-order-small:0;--awb-spacing-right-small:1.92%;--awb-spacing-left-small:1.92%;\"><div class=\"fusion-column-wrapper fusion-column-has-shadow fusion-flex-justify-content-flex-start fusion-content-layout-column\"><div class=\"fusion-post-cards fusion-post-cards-1 fusion-grid-archive fusion-grid-columns-2\" style=\"--awb-column-spacing:60px;--awb-dots-align:center;--awb-columns:2;--awb-active-filter-border-size:3px;--awb-filters-height:36px;--awb-row-spacing:60px;\"><ul class=\"fusion-grid fusion-grid-2 fusion-flex-align-items-stretch fusion-grid-posts-cards\"><li class=\"fusion-layout-column fusion_builder_column fusion-builder-column-2 fusion-flex-column fusion-column-inner-bg-wrapper post-card fusion-grid-column fusion-post-cards-grid-column\" style=\"--awb-padding-top:70px;--awb-padding-right:60px;--awb-padding-bottom:60px;--awb-padding-left:60px;--awb-inner-bg-color:var(--awb-color7);--awb-inner-bg-color-hover:var(--awb-color7);--awb-inner-bg-image:linear-gradient(180deg, rgba(0,0,0,0.1) 0%,rgba(0,0,0,0.4) 100%);;--awb-inner-bg-position:center center;--awb-inner-bg-size:cover;--awb-transform:scaleX(1) scaleY(1);--awb-transform-hover:scaleX(1.02) scaleY(1.02);--awb-flex-grow:0;--awb-flex-shrink:0;--awb-flex-grow-medium:0;--awb-flex-shrink-medium:0;--awb-flex-grow-small:0;--awb-flex-shrink-small:0;\"><span class=\"fusion-column-inner-bg hover-type-none\"><a class=\"fusion-column-anchor\" href=\"https:\/\/swisseducationacademy.com\/fr\/bonne-nouvelle-pour-les-familles-suisses-les-frais-de-camps-de-vacances-sont-desormais-deductibles-fiscalement\/\"><span class=\"fusion-column-inner-bg-image lazyload\" data-bg=\"https:\/\/swisseducationacademy.com\/wp-content\/uploads\/2025\/04\/What-to-Pack-for-a-Summer-Camp-in-Switzerland.jpg\" data-bg-gradient=\"linear-gradient(180deg, rgba(0,0,0,0.1) 0%,rgba(0,0,0,0.4) 100%)\"><\/span><\/a><\/span><div class=\"fusion-column-wrapper fusion-flex-justify-content-flex-start fusion-content-layout-column fusion-column-has-bg-image\" data-bg-url=\"https:\/\/swisseducationacademy.com\/wp-content\/uploads\/2025\/04\/What-to-Pack-for-a-Summer-Camp-in-Switzerland.jpg\"><div class=\"fusion-separator fusion-full-width-sep\" style=\"align-self: center;margin-left: auto;margin-right: auto;flex-grow:1;margin-bottom:12vw;width:100%;\"><\/div><div class=\"fusion-title title fusion-title-2 fusion-sep-none fusion-title-text fusion-title-size-four\" style=\"--awb-text-color:var(--awb-color1);--awb-margin-bottom:0px;\"><h4 class=\"fusion-title-heading title-heading-left fusion-responsive-typography-calculated\" style=\"margin:0;--fontSize:28;line-height:var(--awb-typography1-line-height);\">Bonne nouvelle pour les familles suisses : les frais de camps de vacances sont d\u00e9sormais d\u00e9ductibles fiscalement<\/h4><\/div><\/div><\/li>\n<li class=\"fusion-layout-column fusion_builder_column fusion-builder-column-3 fusion-flex-column fusion-column-inner-bg-wrapper post-card fusion-grid-column fusion-post-cards-grid-column\" style=\"--awb-padding-top:70px;--awb-padding-right:60px;--awb-padding-bottom:60px;--awb-padding-left:60px;--awb-inner-bg-color:var(--awb-color7);--awb-inner-bg-color-hover:var(--awb-color7);--awb-inner-bg-image:linear-gradient(180deg, rgba(0,0,0,0.1) 0%,rgba(0,0,0,0.4) 100%);;--awb-inner-bg-position:center center;--awb-inner-bg-size:cover;--awb-transform:scaleX(1) scaleY(1);--awb-transform-hover:scaleX(1.02) scaleY(1.02);--awb-flex-grow:0;--awb-flex-shrink:0;--awb-flex-grow-medium:0;--awb-flex-shrink-medium:0;--awb-flex-grow-small:0;--awb-flex-shrink-small:0;\"><span class=\"fusion-column-inner-bg hover-type-none\"><a class=\"fusion-column-anchor\" href=\"https:\/\/swisseducationacademy.com\/fr\/pourquoi-la-suisse-reste-une-destination-de-choix-pour-les-internats\/\"><span class=\"fusion-column-inner-bg-image lazyload\" data-bg=\"https:\/\/swisseducationacademy.com\/wp-content\/uploads\/2024\/10\/Buildings-3.jpg\" data-bg-gradient=\"linear-gradient(180deg, rgba(0,0,0,0.1) 0%,rgba(0,0,0,0.4) 100%)\"><\/span><\/a><\/span><div class=\"fusion-column-wrapper fusion-flex-justify-content-flex-start fusion-content-layout-column fusion-column-has-bg-image\" data-bg-url=\"https:\/\/swisseducationacademy.com\/wp-content\/uploads\/2024\/10\/Buildings-3.jpg\"><div class=\"fusion-separator fusion-full-width-sep\" style=\"align-self: center;margin-left: auto;margin-right: auto;flex-grow:1;margin-bottom:12vw;width:100%;\"><\/div><div class=\"fusion-title title fusion-title-3 fusion-sep-none fusion-title-text fusion-title-size-four\" style=\"--awb-text-color:var(--awb-color1);--awb-margin-bottom:0px;\"><h4 class=\"fusion-title-heading title-heading-left fusion-responsive-typography-calculated\" style=\"margin:0;--fontSize:28;line-height:var(--awb-typography1-line-height);\">Pourquoi la Suisse reste une destination de choix pour les internats<\/h4><\/div><\/div><\/li>\n<li class=\"fusion-layout-column fusion_builder_column fusion-builder-column-4 fusion-flex-column fusion-column-inner-bg-wrapper post-card fusion-grid-column fusion-post-cards-grid-column\" style=\"--awb-padding-top:70px;--awb-padding-right:60px;--awb-padding-bottom:60px;--awb-padding-left:60px;--awb-inner-bg-color:var(--awb-color7);--awb-inner-bg-color-hover:var(--awb-color7);--awb-inner-bg-image:linear-gradient(180deg, rgba(0,0,0,0.1) 0%,rgba(0,0,0,0.4) 100%);;--awb-inner-bg-position:center center;--awb-inner-bg-size:cover;--awb-transform:scaleX(1) scaleY(1);--awb-transform-hover:scaleX(1.02) scaleY(1.02);--awb-flex-grow:0;--awb-flex-shrink:0;--awb-flex-grow-medium:0;--awb-flex-shrink-medium:0;--awb-flex-grow-small:0;--awb-flex-shrink-small:0;\"><span class=\"fusion-column-inner-bg hover-type-none\"><a class=\"fusion-column-anchor\" href=\"https:\/\/swisseducationacademy.com\/fr\/camp-dhiver-2026-un-voyage-reussi-a-travers-les-alpes-suisses\/\"><span class=\"fusion-column-inner-bg-image lazyload\" data-bg=\"https:\/\/swisseducationacademy.com\/wp-content\/uploads\/2026\/03\/Winter-camp-switzerland.jpg\" data-bg-gradient=\"linear-gradient(180deg, rgba(0,0,0,0.1) 0%,rgba(0,0,0,0.4) 100%)\"><\/span><\/a><\/span><div class=\"fusion-column-wrapper fusion-flex-justify-content-flex-start fusion-content-layout-column fusion-column-has-bg-image\" data-bg-url=\"https:\/\/swisseducationacademy.com\/wp-content\/uploads\/2026\/03\/Winter-camp-switzerland.jpg\"><div class=\"fusion-separator fusion-full-width-sep\" style=\"align-self: center;margin-left: auto;margin-right: auto;flex-grow:1;margin-bottom:12vw;width:100%;\"><\/div><div class=\"fusion-title title fusion-title-4 fusion-sep-none fusion-title-text fusion-title-size-four\" style=\"--awb-text-color:var(--awb-color1);--awb-margin-bottom:0px;\"><h4 class=\"fusion-title-heading title-heading-left fusion-responsive-typography-calculated\" style=\"margin:0;--fontSize:28;line-height:var(--awb-typography1-line-height);\">Camp d&rsquo;hiver 2026 : un voyage r\u00e9ussi \u00e0 travers les Alpes suisses<\/h4><\/div><\/div><\/li>\n<li class=\"fusion-layout-column fusion_builder_column fusion-builder-column-5 fusion-flex-column fusion-column-inner-bg-wrapper post-card fusion-grid-column fusion-post-cards-grid-column\" style=\"--awb-padding-top:70px;--awb-padding-right:60px;--awb-padding-bottom:60px;--awb-padding-left:60px;--awb-inner-bg-color:var(--awb-color7);--awb-inner-bg-color-hover:var(--awb-color7);--awb-inner-bg-image:linear-gradient(180deg, rgba(0,0,0,0.1) 0%,rgba(0,0,0,0.4) 100%);;--awb-inner-bg-position:center center;--awb-inner-bg-size:cover;--awb-transform:scaleX(1) scaleY(1);--awb-transform-hover:scaleX(1.02) scaleY(1.02);--awb-flex-grow:0;--awb-flex-shrink:0;--awb-flex-grow-medium:0;--awb-flex-shrink-medium:0;--awb-flex-grow-small:0;--awb-flex-shrink-small:0;\"><span class=\"fusion-column-inner-bg hover-type-none\"><a class=\"fusion-column-anchor\" href=\"https:\/\/swisseducationacademy.com\/fr\/ensemble-nous-avons-rendu-lete-2025-inoubliable\/\"><span class=\"fusion-column-inner-bg-image lazyload\" data-bg=\"https:\/\/swisseducationacademy.com\/wp-content\/uploads\/2025\/08\/Summer-camp-2025.gif\" data-bg-gradient=\"linear-gradient(180deg, rgba(0,0,0,0.1) 0%,rgba(0,0,0,0.4) 100%)\"><\/span><\/a><\/span><div class=\"fusion-column-wrapper fusion-flex-justify-content-flex-start fusion-content-layout-column fusion-column-has-bg-image\" data-bg-url=\"https:\/\/swisseducationacademy.com\/wp-content\/uploads\/2025\/08\/Summer-camp-2025.gif\"><div class=\"fusion-separator fusion-full-width-sep\" style=\"align-self: center;margin-left: auto;margin-right: auto;flex-grow:1;margin-bottom:12vw;width:100%;\"><\/div><div class=\"fusion-title title fusion-title-5 fusion-sep-none fusion-title-text fusion-title-size-four\" style=\"--awb-text-color:var(--awb-color1);--awb-margin-bottom:0px;\"><h4 class=\"fusion-title-heading title-heading-left fusion-responsive-typography-calculated\" style=\"margin:0;--fontSize:28;line-height:var(--awb-typography1-line-height);\">Ensemble, nous avons rendu l&rsquo;\u00e9t\u00e9 2025 inoubliable<\/h4><\/div><\/div><\/li>\n<li class=\"fusion-layout-column fusion_builder_column fusion-builder-column-6 fusion-flex-column fusion-column-inner-bg-wrapper post-card fusion-grid-column fusion-post-cards-grid-column\" style=\"--awb-padding-top:70px;--awb-padding-right:60px;--awb-padding-bottom:60px;--awb-padding-left:60px;--awb-inner-bg-color:var(--awb-color7);--awb-inner-bg-color-hover:var(--awb-color7);--awb-inner-bg-image:linear-gradient(180deg, rgba(0,0,0,0.1) 0%,rgba(0,0,0,0.4) 100%);;--awb-inner-bg-position:center center;--awb-inner-bg-size:cover;--awb-transform:scaleX(1) scaleY(1);--awb-transform-hover:scaleX(1.02) scaleY(1.02);--awb-flex-grow:0;--awb-flex-shrink:0;--awb-flex-grow-medium:0;--awb-flex-shrink-medium:0;--awb-flex-grow-small:0;--awb-flex-shrink-small:0;\"><span class=\"fusion-column-inner-bg hover-type-none\"><a class=\"fusion-column-anchor\" href=\"https:\/\/swisseducationacademy.com\/fr\/entrez-dans-un-veritable-paradis-hivernal-en-2026\/\"><span class=\"fusion-column-inner-bg-image lazyload\" data-bg=\"https:\/\/swisseducationacademy.com\/wp-content\/uploads\/2025\/08\/Winter-Camps-Switerland.gif\" data-bg-gradient=\"linear-gradient(180deg, rgba(0,0,0,0.1) 0%,rgba(0,0,0,0.4) 100%)\"><\/span><\/a><\/span><div class=\"fusion-column-wrapper fusion-flex-justify-content-flex-start fusion-content-layout-column fusion-column-has-bg-image\" data-bg-url=\"https:\/\/swisseducationacademy.com\/wp-content\/uploads\/2025\/08\/Winter-Camps-Switerland.gif\"><div class=\"fusion-separator fusion-full-width-sep\" style=\"align-self: center;margin-left: auto;margin-right: auto;flex-grow:1;margin-bottom:12vw;width:100%;\"><\/div><div class=\"fusion-title title fusion-title-6 fusion-sep-none fusion-title-text fusion-title-size-four\" style=\"--awb-text-color:var(--awb-color1);--awb-margin-bottom:0px;\"><h4 class=\"fusion-title-heading title-heading-left fusion-responsive-typography-calculated\" style=\"margin:0;--fontSize:28;line-height:var(--awb-typography1-line-height);\">Entrez dans un v\u00e9ritable paradis hivernal en 2026 !<\/h4><\/div><\/div><\/li>\n<li class=\"fusion-layout-column fusion_builder_column fusion-builder-column-7 fusion-flex-column fusion-column-inner-bg-wrapper post-card fusion-grid-column fusion-post-cards-grid-column\" style=\"--awb-padding-top:70px;--awb-padding-right:60px;--awb-padding-bottom:60px;--awb-padding-left:60px;--awb-inner-bg-color:var(--awb-color7);--awb-inner-bg-color-hover:var(--awb-color7);--awb-inner-bg-image:linear-gradient(180deg, rgba(0,0,0,0.1) 0%,rgba(0,0,0,0.4) 100%);;--awb-inner-bg-position:center center;--awb-inner-bg-size:cover;--awb-transform:scaleX(1) scaleY(1);--awb-transform-hover:scaleX(1.02) scaleY(1.02);--awb-flex-grow:0;--awb-flex-shrink:0;--awb-flex-grow-medium:0;--awb-flex-shrink-medium:0;--awb-flex-grow-small:0;--awb-flex-shrink-small:0;\"><span class=\"fusion-column-inner-bg hover-type-none\"><a class=\"fusion-column-anchor\" href=\"https:\/\/swisseducationacademy.com\/fr\/nous-sommes-deja-a-mi-parcours-de-notre-aventure-estivale\/\"><span class=\"fusion-column-inner-bg-image lazyload\" data-bg=\"https:\/\/swisseducationacademy.com\/wp-content\/uploads\/2025\/08\/Summer-camp-magic-in-Switzerland.gif\" data-bg-gradient=\"linear-gradient(180deg, rgba(0,0,0,0.1) 0%,rgba(0,0,0,0.4) 100%)\"><\/span><\/a><\/span><div class=\"fusion-column-wrapper fusion-flex-justify-content-flex-start fusion-content-layout-column fusion-column-has-bg-image\" data-bg-url=\"https:\/\/swisseducationacademy.com\/wp-content\/uploads\/2025\/08\/Summer-camp-magic-in-Switzerland.gif\"><div class=\"fusion-separator fusion-full-width-sep\" style=\"align-self: center;margin-left: auto;margin-right: auto;flex-grow:1;margin-bottom:12vw;width:100%;\"><\/div><div class=\"fusion-title title fusion-title-7 fusion-sep-none fusion-title-text fusion-title-size-four\" style=\"--awb-text-color:var(--awb-color1);--awb-margin-bottom:0px;\"><h4 class=\"fusion-title-heading title-heading-left fusion-responsive-typography-calculated\" style=\"margin:0;--fontSize:28;line-height:var(--awb-typography1-line-height);\">Nous sommes d\u00e9j\u00e0 \u00e0 mi-parcours de notre aventure estivale !<\/h4><\/div><\/div><\/li>\n<\/ul><\/div><\/div><\/div><\/div><\/div><\/p>\n","protected":false},"excerpt":{"rendered":"","protected":false},"author":1,"featured_media":4940,"parent":0,"menu_order":0,"comment_status":"closed","ping_status":"closed","template":"100-width.php","meta":{"footnotes":""},"class_list":["post-8265","page","type-page","status-publish","has-post-thumbnail","hentry"],"_links":{"self":[{"href":"https:\/\/swisseducationacademy.com\/fr\/wp-json\/wp\/v2\/pages\/8265","targetHints":{"allow":["GET"]}}],"collection":[{"href":"https:\/\/swisseducationacademy.com\/fr\/wp-json\/wp\/v2\/pages"}],"about":[{"href":"https:\/\/swisseducationacademy.com\/fr\/wp-json\/wp\/v2\/types\/page"}],"author":[{"embeddable":true,"href":"https:\/\/swisseducationacademy.com\/fr\/wp-json\/wp\/v2\/users\/1"}],"replies":[{"embeddable":true,"href":"https:\/\/swisseducationacademy.com\/fr\/wp-json\/wp\/v2\/comments?post=8265"}],"version-history":[{"count":2,"href":"https:\/\/swisseducationacademy.com\/fr\/wp-json\/wp\/v2\/pages\/8265\/revisions"}],"predecessor-version":[{"id":8326,"href":"https:\/\/swisseducationacademy.com\/fr\/wp-json\/wp\/v2\/pages\/8265\/revisions\/8326"}],"wp:featuredmedia":[{"embeddable":true,"href":"https:\/\/swisseducationacademy.com\/fr\/wp-json\/wp\/v2\/media\/4940"}],"wp:attachment":[{"href":"https:\/\/swisseducationacademy.com\/fr\/wp-json\/wp\/v2\/media?parent=8265"}],"curies":[{"name":"wp","href":"https:\/\/api.w.org\/{rel}","templated":true}]}}